{"id":346,"date":"2024-07-04T16:32:47","date_gmt":"2024-07-04T16:32:47","guid":{"rendered":"https:\/\/prestigeo.pt\/?post_type=product&#038;p=346"},"modified":"2025-03-22T16:49:23","modified_gmt":"2025-03-22T16:49:23","slug":"prestigeo-winefood","status":"publish","type":"product","link":"https:\/\/prestigeo.pt\/pt\/produto\/prestigeo-winefood\/","title":{"rendered":"Prestigeo Wine&#038;Food"},"content":{"rendered":"<h3 data-start=\"108\" data-end=\"137\"><strong data-start=\"112\" data-end=\"135\">Dura\u00e7\u00e3o &amp; Capacidade<\/strong><\/h3>\n<ul data-start=\"138\" data-end=\"256\">\n<li data-start=\"138\" data-end=\"164\"><strong>Dura\u00e7\u00e3o: 6 Horas*<\/strong><\/li>\n<li data-start=\"165\" data-end=\"256\" class=\"translation-block\"><strong>Lota\u00e7\u00e3o M\u00e1xima: 8 Pessoas<\/strong><br data-start=\"197\" data-end=\"200\">(<em data-start=\"201\" data-end=\"253\">(Dura\u00e7\u00e3o vari\u00e1vel conforme as condi\u00e7\u00f5es atmosf\u00e9ricas.)<\/em>)<\/li>\n<\/ul>\n<hr data-start=\"258\" data-end=\"261\" \/>\n<h3 data-start=\"263\" data-end=\"281\"><strong data-start=\"267\" data-end=\"279\">Hor\u00e1rios<\/strong><\/h3>\n<ul data-start=\"282\" data-end=\"389\">\n<li data-start=\"282\" data-end=\"309\"><strong>Sa\u00edda: 10h00<\/strong><\/li>\n<li data-start=\"310\" data-end=\"389\" class=\"translation-block\"><strong>Chegada: Entre 16h00 \u2013 18h00*<\/strong><br data-start=\"350\" data-end=\"353\">(<em data-start=\"354\" data-end=\"386\">(Sujeito a condi\u00e7\u00f5es atmosf\u00e9ricas.)<\/em>)<\/li>\n<\/ul>\n<hr data-start=\"391\" data-end=\"394\" \/>\n<h3 data-start=\"396\" data-end=\"418\"><strong data-start=\"400\" data-end=\"416\">Embarca\u00e7\u00e3o: Cobalt<\/strong><\/h3>\n<p data-start=\"419\" data-end=\"603\" class=\"translation-block\">Um Cobalt de 25 p\u00e9s, com linhas elegantes e suaves, sol\u00e1rio e plataforma de nata\u00e7\u00e3o.<br data-start=\"529\" data-end=\"532\">Uma embarca\u00e7\u00e3o sofisticada, garantindo uma verdadeira experi\u00eancia PRESTIGEO.<\/p>\n<hr data-start=\"605\" data-end=\"608\" \/>\n<h3 data-start=\"610\" data-end=\"636\"><strong data-start=\"614\" data-end=\"634\">Locais de Embarque<\/strong><\/h3>\n<ul data-start=\"637\" data-end=\"760\">\n<li data-start=\"637\" data-end=\"685\">Set\u00fabal: Doca das Fonta\u00ednhas (lado poente)<\/li>\n<li data-start=\"686\" data-end=\"760\" class=\"translation-block\">Marina de Tr\u00f3ia: Junto \u00e0 rece\u00e7\u00e3o (taxa extra aplicada pela marina)<\/li>\n<\/ul>\n<hr data-start=\"762\" data-end=\"765\" \/>\n<h3 data-start=\"767\" data-end=\"791\"><strong data-start=\"771\" data-end=\"789\">Locais de Passeio<\/strong><\/h3>\n<ul data-start=\"792\" data-end=\"1049\">\n<li data-start=\"792\" data-end=\"820\"><strong data-start=\"794\" data-end=\"818\">Portinho da Arr\u00e1bida<\/strong><\/li>\n<li data-start=\"821\" data-end=\"857\"><strong data-start=\"823\" data-end=\"855\">Praias de Galapos &amp; Galapinhos<\/strong><\/li>\n<li data-start=\"858\" data-end=\"887\"><strong data-start=\"860\" data-end=\"885\">Praias Selvagens de Tr\u00f3ia<\/strong><\/li>\n<li data-start=\"888\" data-end=\"929\"><strong data-start=\"890\" data-end=\"927\">Praia do Ribeiro do Cavalo, Sesimbra<\/strong><\/li>\n<li data-start=\"930\" data-end=\"947\"><strong data-start=\"932\" data-end=\"945\">Albarquel<\/strong><\/li>\n<li data-start=\"948\" data-end=\"1049\" class=\"translation-block\"><strong data-start=\"950\" data-end=\"966\">Praias do Sado<\/strong><br data-start=\"966\" data-end=\"969\">(<em data-start=\"970\" data-end=\"1046\">(Os locais podem variar consoante as condi\u00e7\u00f5es atmosf\u00e9ricas e planeamento do skipper.)<\/em>)<\/li>\n<\/ul>\n<hr data-start=\"1051\" data-end=\"1054\" \/>\n<h3 data-start=\"1056\" data-end=\"1076\"><strong data-start=\"1060\" data-end=\"1074\">Gastronomia<\/strong><\/h3>\n<p data-start=\"1077\" data-end=\"1120\"><strong>Escolha entre os nossos restaurantes selecionados:<\/strong><\/p>\n<ul data-start=\"1121\" data-end=\"1291\">\n<li data-start=\"1121\" data-end=\"1157\"><strong data-start=\"1123\" data-end=\"1155\">Farol (Portinho da Arr\u00e1bida)<\/strong><\/li>\n<li data-start=\"1158\" data-end=\"1190\"><strong data-start=\"1160\" data-end=\"1188\">El Cristo (Marina de Tr\u00f3ia)<\/strong><\/li>\n<li data-start=\"1191\" data-end=\"1291\" class=\"translation-block\"><strong data-start=\"1193\" data-end=\"1225\">Onda Galapos (Praia de Galapos)<\/strong><br data-start=\"1225\" data-end=\"1228\">(<em data-start=\"1229\" data-end=\"1288\">(Reserva obrigat\u00f3ria, sujeita \u00e0 confirma\u00e7\u00e3o do restaurante.)<\/em>)<\/li>\n<\/ul>\n<hr data-start=\"1293\" data-end=\"1296\" \/>\n<h3 data-start=\"1298\" data-end=\"1329\"><strong data-start=\"1302\" data-end=\"1327\">Informa\u00e7\u00e3o Importante<\/strong><\/h3>\n<ul data-start=\"1330\" data-end=\"1495\">\n<li data-start=\"1330\" data-end=\"1361\">Usar cal\u00e7ado com sola de borracha<\/li>\n<li data-start=\"1362\" data-end=\"1385\">Levar protetor solar<\/li>\n<li data-start=\"1386\" data-end=\"1411\">Trazer toalhas de banho<\/li>\n<li data-start=\"1412\" data-end=\"1430\">Usar chap\u00e9u<\/li>\n<li data-start=\"1431\" data-end=\"1495\">A viagem poder\u00e1 ser adiada em caso de m\u00e1s condi\u00e7\u00f5es atmosf\u00e9ricas<\/li>\n<\/ul>\n<hr data-start=\"1497\" data-end=\"1500\" \/>\n<h3 data-start=\"1502\" data-end=\"1528\"><strong data-start=\"1506\" data-end=\"1526\">O que est\u00e1 inclu\u00eddo?<\/strong><\/h3>\n<ul data-start=\"1529\" data-end=\"1647\">\n<li data-start=\"1529\" data-end=\"1550\">Equipamento de SUP<\/li>\n<li data-start=\"1551\" data-end=\"1580\">Equipamento de Snorkeling<\/li>\n<li data-start=\"1581\" data-end=\"1603\">\u00c1guas &amp; Snacks<\/li>\n<li data-start=\"1604\" data-end=\"1647\">Transfere de Dinghy para as praias selecionadas<\/li>\n<\/ul>\n<hr data-start=\"1649\" data-end=\"1652\" \/>\n<h3 data-start=\"1654\" data-end=\"1670\"><strong data-start=\"1658\" data-end=\"1668\">Pre\u00e7os<\/strong><\/h3>\n<ul data-start=\"1671\" data-end=\"1708\">\n<li data-start=\"1671\" data-end=\"1708\">6 Horas: 1200\u20ac (IVA inclu\u00eddo)<\/li>\n<\/ul>\n<hr data-start=\"1710\" data-end=\"1713\" \/>\n<h3 data-start=\"1715\" data-end=\"1744\"><strong data-start=\"1719\" data-end=\"1742\">Adicionais<\/strong><\/h3>\n<ul data-start=\"1745\" data-end=\"1881\">\n<li data-start=\"1745\" data-end=\"1783\">Embarque na Marina de Tr\u00f3ia \u2013 25\u20ac<\/li>\n<li data-start=\"1784\" data-end=\"1822\">Paragem na Praia de Galapinhos \u2013 10\u20ac<\/li>\n<li data-start=\"1823\" data-end=\"1881\">Servi\u00e7o de Vinhos Selecionados da Pen\u00ednsula de Set\u00fabal \u2013 45\u20ac<\/li>\n<\/ul>\n<hr data-start=\"1883\" data-end=\"1886\" \/>\n<h3 data-start=\"1888\" data-end=\"1910\"><strong data-start=\"1892\" data-end=\"1908\">N\u00e3o Inclu\u00eddo<\/strong><\/h3>\n<ul data-start=\"1911\" data-end=\"1951\">\n<li data-start=\"1911\" data-end=\"1951\"><strong data-start=\"1913\" data-end=\"1949\">Valor do almo\u00e7o no restaurante selecionado<\/strong><\/li>\n<\/ul>","protected":false},"excerpt":{"rendered":"<p data-start=\"37\" data-end=\"162\">A Pen\u00ednsula de Set\u00fabal \u00e9 conhecida pela sua gastronomia imperd\u00edvel e restaurantes situados em locais paradis\u00edacos.<\/p>\n<p data-start=\"164\" data-end=\"267\">Reserve connosco e desfrute de uma experi\u00eancia gastron\u00f3mica \u00fanica num destes restaurantes selecionados:<\/p>\n<ul data-start=\"268\" data-end=\"322\">\n<li data-start=\"268\" data-end=\"283\"><strong data-start=\"270\" data-end=\"281\">O Farol<\/strong><\/li>\n<li data-start=\"284\" data-end=\"301\"><strong data-start=\"286\" data-end=\"299\">El Cristo<\/strong><\/li>\n<li data-start=\"302\" data-end=\"322\"><strong data-start=\"304\" data-end=\"320\">Onda Galapos<\/strong><\/li>\n<\/ul>\n<p data-start=\"324\" data-end=\"466\">Saboreie os melhores pratos da regi\u00e3o, harmonizados com vinhos de excel\u00eancia, para uma experi\u00eancia verdadeiramente PRESTIGEO.<\/p>","protected":false},"featured_media":375,"comment_status":"open","ping_status":"closed","template":"","meta":{"_joinchat":[]},"product_brand":[],"product_cat":[17],"product_tag":[],"class_list":{"0":"post-346","1":"product","2":"type-product","3":"status-publish","4":"has-post-thumbnail","6":"product_cat-book","8":"first","9":"instock","10":"shipping-taxable","11":"purchasable","12":"product-type-redq_rental"},"_links":{"self":[{"href":"https:\/\/prestigeo.pt\/pt\/wp-json\/wp\/v2\/product\/346","targetHints":{"allow":["GET"]}}],"collection":[{"href":"https:\/\/prestigeo.pt\/pt\/wp-json\/wp\/v2\/product"}],"about":[{"href":"https:\/\/prestigeo.pt\/pt\/wp-json\/wp\/v2\/types\/product"}],"replies":[{"embeddable":true,"href":"https:\/\/prestigeo.pt\/pt\/wp-json\/wp\/v2\/comments?post=346"}],"wp:featuredmedia":[{"embeddable":true,"href":"https:\/\/prestigeo.pt\/pt\/wp-json\/wp\/v2\/media\/375"}],"wp:attachment":[{"href":"https:\/\/prestigeo.pt\/pt\/wp-json\/wp\/v2\/media?parent=346"}],"wp:term":[{"taxonomy":"product_brand","embeddable":true,"href":"https:\/\/prestigeo.pt\/pt\/wp-json\/wp\/v2\/product_brand?post=346"},{"taxonomy":"product_cat","embeddable":true,"href":"https:\/\/prestigeo.pt\/pt\/wp-json\/wp\/v2\/product_cat?post=346"},{"taxonomy":"product_tag","embeddable":true,"href":"https:\/\/prestigeo.pt\/pt\/wp-json\/wp\/v2\/product_tag?post=346"}],"curies":[{"name":"wp","href":"https:\/\/api.w.org\/{rel}","templated":true}]}}