{"id":526,"date":"2024-07-23T10:15:17","date_gmt":"2024-07-23T10:15:17","guid":{"rendered":"https:\/\/prestigeo.pt\/?page_id=526"},"modified":"2025-03-14T10:02:55","modified_gmt":"2025-03-14T10:02:55","slug":"about-us","status":"publish","type":"page","link":"https:\/\/prestigeo.pt\/pt\/","title":{"rendered":"Sobre N\u00f3s"},"content":{"rendered":"<p>Uma experi\u00eancia inesquec\u00edvel numa paisagem deslumbrante para partilhar, sentir e viver.<\/p>\n<p>&nbsp;<\/p>\n\t\t\t<a href=\"#1\" target=\"_self\">\n\t\t\t\t\t\t\tSobre N\u00f3s\n\t\t\t\t\t<\/a>\n<h2  id=\"1\">\n\t\t\tExperi\u00eancia PRESTIGEO,\t<\/h2>\n\t<p>Viva o privil\u00e9gio de navegar a bordo da nossa embarca\u00e7\u00e3o de luxo pelas deslumbrantes e tranquilas praias da Arr\u00e1bida, Tr\u00f3ia e Sesimbra. Descubra paisagens selvagens e intocadas, e algumas das praias mais bonitas de Portugal e da Europa.<\/p>\n<p>Don&#8217;t miss the chance to visit Ribeiro do Cavalo Beach, Galapinhos, Galapos, Portinho da Arr\u00e1bida, and Tr\u00f3ia-true hidden gems of the Portuguese coast.<\/p>\n<p>Desfrute do conforto do nosso barco Cobalt, da serenidade do oceano e de experi\u00eancias inesquec\u00edveis dentro e fora de bordo. Observe os golfinhos no seu habitat natural e delicie-se com a gastronomia local em restaurantes com localiza\u00e7\u00f5es paradis\u00edacas.<\/p>\n<p>Uma verdadeira experi\u00eancia PRESTIGEO!<\/p>\n\t\t\t<a href=\"https:\/\/www.youtube.com\/watch?v=tUDUdaCqm-Q\" target=\"_blank\" rel=\"noopener\">\n\t\t\t\t\t\t\tV\u00eddeo Completo\n\t\t\t\t\t<\/a>\n<h2>\n\t\t\tIn Good Hands&#8230;\t<\/h2>\n\t<p>Somos apaixonados pelo que fazemos e movidos pelo prazer de partilhar experi\u00eancias \u00fanicas com os nossos clientes.<\/p>\n<p>Os nossos skippers conhecem estas \u00e1guas como ningu\u00e9m e est\u00e3o comprometidos em proporcionar-lhe uma experi\u00eancia PRESTIGEO inesquec\u00edvel\u2014seja a bordo, seja em praias selvagens, desertas e de areia branca com \u00e1guas cristalinas.<\/p>\n<p>Podemos at\u00e9 preparar um espa\u00e7o exclusivo e confort\u00e1vel para si, para a sua fam\u00edlia e amigos desfrutarem de um momento verdadeiramente memor\u00e1vel.<\/p>\n\t<h2>It&#8217;s about the privilege of living an<br \/>\nExperi\u00eancia Inesquec\u00edvel\n<\/h2>\n\t\t\t<a href=\"https:\/\/prestigeo.pt\/pt\/book\/\" target=\"_self\">\n\t\t\t\t\t\t\tReserve Agora\n\t\t\t\t\t<\/a>","protected":false},"excerpt":{"rendered":"<p>An unforgettable experience in a breathtaking landscape to share, feel, and live. &nbsp; About Us PRESTIGEO Experience, Enjoy the privilege of sailing aboard our luxury boat along the stunning and tranquil beaches of Arr\u00e1bida, Tr\u00f3ia, and Sesimbra. Discover breathtaking landscapes, wild and untouched nature, and some of the most beautiful beaches in Portugal and Europe.&hellip;<\/p>","protected":false},"author":1,"featured_media":0,"parent":0,"menu_order":0,"comment_status":"closed","ping_status":"closed","template":"","meta":{"_joinchat":[],"footnotes":""},"class_list":["post-526","page","type-page","status-publish","hentry"],"_links":{"self":[{"href":"https:\/\/prestigeo.pt\/pt\/wp-json\/wp\/v2\/pages\/526","targetHints":{"allow":["GET"]}}],"collection":[{"href":"https:\/\/prestigeo.pt\/pt\/wp-json\/wp\/v2\/pages"}],"about":[{"href":"https:\/\/prestigeo.pt\/pt\/wp-json\/wp\/v2\/types\/page"}],"author":[{"embeddable":true,"href":"https:\/\/prestigeo.pt\/pt\/wp-json\/wp\/v2\/users\/1"}],"replies":[{"embeddable":true,"href":"https:\/\/prestigeo.pt\/pt\/wp-json\/wp\/v2\/comments?post=526"}],"version-history":[{"count":37,"href":"https:\/\/prestigeo.pt\/pt\/wp-json\/wp\/v2\/pages\/526\/revisions"}],"predecessor-version":[{"id":654,"href":"https:\/\/prestigeo.pt\/pt\/wp-json\/wp\/v2\/pages\/526\/revisions\/654"}],"wp:attachment":[{"href":"https:\/\/prestigeo.pt\/pt\/wp-json\/wp\/v2\/media?parent=526"}],"curies":[{"name":"wp","href":"https:\/\/api.w.org\/{rel}","templated":true}]}}