{"id":283,"date":"2024-03-06T13:07:52","date_gmt":"2024-03-06T13:07:52","guid":{"rendered":"https:\/\/prestigeo.pt\/?page_id=283"},"modified":"2024-03-06T13:08:47","modified_gmt":"2024-03-06T13:08:47","slug":"blog","status":"publish","type":"page","link":"https:\/\/prestigeo.pt\/pt\/blog\/","title":{"rendered":"Blog"},"content":{"rendered":"woocommerce_breadcrumb\n\t<meta itemscope itemprop=\"mainEntityOfPage\" itemtype=\"https:\/\/schema.org\/WebPage\" itemid=\"http:\/\/273\" content=\"Descubra Tr\u00f3ia: Uma Aventura Inesquec\u00edvel de Passeio de Barco\" \/><meta itemprop=\"datePublished\" content=\"2024-03-05\" \/><meta itemprop=\"dateModified\" content=\"2024-03-06\" \/><meta itemprop=\"name\" content=\"Wine Spot\"\/><meta itemprop=\"url\" content=\"https:\/\/prestigeo.pt\/author\/simonebarbosa\/\" \/><meta itemprop=\"name\" content=\"simonebarbosa\" \/><meta itemprop=\"url\" content=\"https:\/\/prestigeo.pt\/wp-content\/uploads\/2024\/03\/44-skippers-banner.jpg\" \/><meta itemprop=\"width\" content=\"1440\" \/><meta itemprop=\"height\" content=\"1080\" \/><meta itemprop=\"interactionType\" content=\"https:\/\/schema.org\/CommentAction\" \/><meta itemprop=\"userInteractionCount\" content=\"0\" \/>\n\t\t\t\t<a href=\"https:\/\/prestigeo.pt\/pt\/descubra-troia-uma-aventura-inesquecivel-de-passeio-de-barco\/\" target=\"_self\" itemprop=\"url\" rel=\"noopener\">\n\t\t\t\t<img loading=\"lazy\" decoding=\"async\" src=\"https:\/\/prestigeo.pt\/wp-content\/uploads\/bb-plugin\/cache\/44-skippers-banner-600x450-landscape-4c6a35aaf2087f4a94d2ad32aa7ca7a3-.jpg\" alt=\"44 skippers banner\" itemprop=\"image\" data-no-lazy=\"1\" height=\"450\" width=\"600\" title=\"44 skippers banner\" onerror=\"this.style.display='none'\"  \/>\n\t\t\t\t<\/a>\n    \t\t<a href=\"https:\/\/prestigeo.pt\/pt\/category\/uncategorized\/\">Uncategorized<\/a>\n\t\t\t\t\t\t\t\t\t<h3 itemprop=\"headline\">\n\t\t\t\t\t\t\t\t\t\t\t\t\t<a href=\"https:\/\/prestigeo.pt\/pt\/descubra-troia-uma-aventura-inesquecivel-de-passeio-de-barco\/\" title=\"Descubra Tr\u00f3ia: Uma Aventura Inesquec\u00edvel de Passeio de Barco\">\n\t\t\t\t\t\t\t\t\t\t\t\t\t\tDescubra Tr\u00f3ia: Uma Aventura Inesquec\u00edvel de Passeio de Barco\t\t\t\t\t\t\t\t\t\t\t\t\t<\/a>\n\t\t\t\t\t\t\t\t\t\t\t<\/h3>\n\t\t\tMar\u00e7o 5, 2024\t\t\t\t\t\t\n    Tr\u00f3ia, um tesouro escondido na costa portuguesa, oferece uma combina\u00e7\u00e3o rara de hist\u00f3ria, natureza e beleza estonteante. Entre as muitas formas de explorar esta p\u00e9rola, os&#8230;\n    <a href=\"https:\/\/prestigeo.pt\/pt\/descubra-troia-uma-aventura-inesquecivel-de-passeio-de-barco\/\" title=\"Descubra Tr\u00f3ia: Uma Aventura Inesquec\u00edvel de Passeio de Barco\">Ler Mais > about Descubra Tr\u00f3ia: Uma Aventura Inesquec\u00edvel de Passeio de Barco<\/a>\n\t\t<!-- .pp-content-posts -->","protected":false},"excerpt":{"rendered":"<p>woocommerce_breadcrumb Uncategorized Descubra Tr\u00f3ia: Uma Aventura Inesquec\u00edvel de Passeio de Barco Mar\u00e7o 5, 2024 Tr\u00f3ia, um tesouro escondido na costa portuguesa, oferece uma combina\u00e7\u00e3o rara de hist\u00f3ria, natureza e beleza estonteante. Entre as muitas formas de explorar esta p\u00e9rola, os&#8230; Ler Mais > about Descubra Tr\u00f3ia: Uma Aventura Inesquec\u00edvel de Passeio de Barco<\/p>","protected":false},"author":1,"featured_media":0,"parent":0,"menu_order":0,"comment_status":"closed","ping_status":"closed","template":"","meta":{"_joinchat":[],"footnotes":""},"class_list":["post-283","page","type-page","status-publish","hentry"],"_links":{"self":[{"href":"https:\/\/prestigeo.pt\/pt\/wp-json\/wp\/v2\/pages\/283","targetHints":{"allow":["GET"]}}],"collection":[{"href":"https:\/\/prestigeo.pt\/pt\/wp-json\/wp\/v2\/pages"}],"about":[{"href":"https:\/\/prestigeo.pt\/pt\/wp-json\/wp\/v2\/types\/page"}],"author":[{"embeddable":true,"href":"https:\/\/prestigeo.pt\/pt\/wp-json\/wp\/v2\/users\/1"}],"replies":[{"embeddable":true,"href":"https:\/\/prestigeo.pt\/pt\/wp-json\/wp\/v2\/comments?post=283"}],"version-history":[{"count":2,"href":"https:\/\/prestigeo.pt\/pt\/wp-json\/wp\/v2\/pages\/283\/revisions"}],"predecessor-version":[{"id":285,"href":"https:\/\/prestigeo.pt\/pt\/wp-json\/wp\/v2\/pages\/283\/revisions\/285"}],"wp:attachment":[{"href":"https:\/\/prestigeo.pt\/pt\/wp-json\/wp\/v2\/media?parent=283"}],"curies":[{"name":"wp","href":"https:\/\/api.w.org\/{rel}","templated":true}]}}