{"id":222,"date":"2024-03-01T17:19:10","date_gmt":"2024-03-01T17:19:10","guid":{"rendered":"https:\/\/prestigeo.pt\/?page_id=222"},"modified":"2025-03-14T17:55:47","modified_gmt":"2025-03-14T17:55:47","slug":"dispute-resolution","status":"publish","type":"page","link":"https:\/\/prestigeo.pt\/pt\/dispute-resolution\/","title":{"rendered":"Resolu\u00e7\u00e3o de Lit\u00edgios"},"content":{"rendered":"<a href=\"#\" id=\"fl-tabs--label-0\" data-index=\"0\" aria-selected=\"true\" aria-controls=\"fl-tabs--panel-0\" aria-expanded=\"true\" role=\"tab\" tabindex=\"0\">\t\t\t\tIngl\u00eas\t\t\t\t<\/a>\n\t\t\t\t\t\t\t\t<a href=\"#\" id=\"fl-tabs--label-1\" data-index=\"1\" aria-selected=\"false\" aria-controls=\"fl-tabs--panel-1\" aria-expanded=\"false\" role=\"tab\" tabindex=\"0\">\t\t\t\tPortugu\u00eas\t\t\t\t<\/a>\n\t\t\t\t\t\tIngl\u00eas\n\t\t\t\t\t\t\t\t\t\t\t<strong data-start=\"54\" data-end=\"89\">Online Dispute Resolution (ODR)<\/strong>\nAt Prestigeo, customer satisfaction is our priority. We understand that in an increasingly digital world, it is essential to offer not only high-quality products but also reliable and efficient customer support. That is why we are committed to <strong data-start=\"335\" data-end=\"370\">Online Dispute Resolution (ODR)<\/strong>, a modern and effective method for resolving any disputes that may arise during your shopping experience.\nOnline Dispute Resolution is a process that allows consumers and traders to resolve disputes related to online transactions quickly and without the need to resort to court proceedings. This method is not only faster but also more cost-effective and accessible, ensuring that both parties reach a satisfactory solution with minimal effort and expense.\nAt Prestigeo, we adopt a <strong data-start=\"855\" data-end=\"888\">transparent and fair approach<\/strong> in all our transactions. If any disagreement or dissatisfaction arises regarding our products or services, we encourage our customers to contact us directly. We are always available to listen and resolve any issue, ensuring a fair and efficient resolution.\nFurthermore, in compliance with <strong data-start=\"1179\" data-end=\"1209\">European Union regulations<\/strong>, we provide a link to the <strong data-start=\"1236\" data-end=\"1291\">ODR platform (Online Dispute Resolution) Click Here<\/strong>, which serves as a central access point for consumers and traders seeking to resolve disputes related to online purchases. This platform is an additional tool that reinforces our commitment to transparency and customer satisfaction.\nAt Prestigeo, we believe that a strong relationship with our customers is built on <strong data-start=\"1609\" data-end=\"1665\">trust and a genuine commitment to their satisfaction<\/strong>. Online Dispute Resolution is an integral part of this commitment, ensuring that every purchase is a positive and rewarding experience.\n<hr data-start=\"1803\" data-end=\"1806\" \/>\n<strong data-start=\"1812\" data-end=\"1852\">Alternative Dispute Resolution (ADR)<\/strong>\n<strong data-start=\"1859\" data-end=\"1902\">What is Alternative Dispute Resolution?<\/strong>\nAlternative Dispute Resolution (ADR) offers all consumers the opportunity to seek assistance from official entities to help resolve or guide them in any disputes before resorting to legal proceedings in court.\nTypically, the procedure is as follows:\n<ul data-start=\"2158\" data-end=\"2491\">\n<li data-start=\"2158\" data-end=\"2315\">The customer requests the intervention of an <strong data-start=\"2205\" data-end=\"2230\">impartial third party<\/strong> to act as a mediator between themselves and the trader subject to their complaint.<\/li>\n<li data-start=\"2316\" data-end=\"2491\">The mediator may <strong data-start=\"2335\" data-end=\"2357\">suggest a solution<\/strong>, <strong data-start=\"2359\" data-end=\"2396\">impose a solution on both parties<\/strong>, or <strong data-start=\"2401\" data-end=\"2427\">facilitate discussions<\/strong> between the parties to reach a mutually agreeable resolution.<\/li>\n<\/ul>\nYou may be familiar with <strong data-start=\"2518\" data-end=\"2552\">Alternative Dispute Resolution<\/strong> under different terms, such as <em data-start=\"2584\" data-end=\"2623\">mediation, conciliation, arbitration,<\/em> or <em data-start=\"2627\" data-end=\"2666\">consumer dispute resolution committee<\/em>.\nADR is generally <strong data-start=\"2688\" data-end=\"2732\">less expensive, less formal, and quicker<\/strong> than court proceedings.\nIn the event of a consumer dispute, the consumer may contact the following Alternative Dispute Resolution entities:\n<ul data-start=\"2879\" data-end=\"4425\">\n<li data-start=\"2879\" data-end=\"3093\">\n<strong data-start=\"2881\" data-end=\"2959\">CNIACC &#8211; National Centre for Consumer Conflict Information and Arbitration<\/strong><br data-start=\"2959\" data-end=\"2962\" \/><a href=\"https:\/\/www.arbitragemdeconsumo.org\/\" target=\"_new\" rel=\"noopener\" data-start=\"2964\" data-end=\"3040\">https:\/\/www.arbitragemdeconsumo.org\/<\/a><br data-start=\"3040\" data-end=\"3043\" \/><a href=\"http:\/\/www.cniacc.pt\/\" target=\"_new\" rel=\"noopener\" data-start=\"3045\" data-end=\"3091\">http:\/\/www.cniacc.pt\/<\/a>\n<\/li>\n<li data-start=\"3095\" data-end=\"3242\">\n<strong data-start=\"3097\" data-end=\"3155\">CACCL &#8211; Consumer Conflict Arbitration Centre of Lisbon<\/strong><br data-start=\"3155\" data-end=\"3158\" \/><a href=\"https:\/\/www.centroarbitragemlisboa.pt\/\" target=\"_new\" rel=\"noopener\" data-start=\"3160\" data-end=\"3240\">https:\/\/www.centroarbitragemlisboa.pt\/<\/a>\n<\/li>\n<li data-start=\"3244\" data-end=\"3383\">\n<strong data-start=\"3246\" data-end=\"3328\">CACCVA &#8211; Consumer Conflict Arbitration Centre of Vale do Ave\/Arbitral Tribunal<\/strong><br data-start=\"3328\" data-end=\"3331\" \/><a href=\"https:\/\/www.triave.pt\/\" target=\"_new\" rel=\"noopener\" data-start=\"3333\" data-end=\"3381\">https:\/\/www.triave.pt\/<\/a>\n<\/li>\n<li data-start=\"3385\" data-end=\"3536\">\n<strong data-start=\"3387\" data-end=\"3483\">CICAP &#8211; Consumer Information and Arbitration Centre of Porto (Consumer Arbitration Tribunal)<\/strong><br data-start=\"3483\" data-end=\"3486\" \/><a href=\"https:\/\/www.cicap.pt\/\" target=\"_new\" rel=\"noopener\" data-start=\"3488\" data-end=\"3534\">https:\/\/www.cicap.pt\/<\/a>\n<\/li>\n<li data-start=\"3538\" data-end=\"3686\">\n<strong data-start=\"3540\" data-end=\"3619\">CIMAAL &#8211; Consumer Information, Mediation, and Arbitration Centre of Algarve<\/strong><br data-start=\"3619\" data-end=\"3622\" \/><a href=\"http:\/\/www.consumoalgarve.pt\" target=\"_new\" rel=\"noopener\" data-start=\"3624\" data-end=\"3684\">http:\/\/www.consumoalgarve.pt<\/a>\n<\/li>\n<li data-start=\"3688\" data-end=\"3845\">\n<strong data-start=\"3690\" data-end=\"3788\">CIAB &#8211; Consumer Information, Mediation, and Arbitration Centre (Consumer Arbitration Tribunal)<\/strong><br data-start=\"3788\" data-end=\"3791\" \/><a href=\"https:\/\/www.ciab.pt\/pt\/\" target=\"_new\" rel=\"noopener\" data-start=\"3793\" data-end=\"3843\">https:\/\/www.ciab.pt\/pt\/<\/a>\n<\/li>\n<li data-start=\"3847\" data-end=\"3971\">\n<strong data-start=\"3849\" data-end=\"3916\">CIMPAS &#8211; Insurance Information, Mediation, and Ombudsman Centre<\/strong><br data-start=\"3916\" data-end=\"3919\" \/><a href=\"https:\/\/www.cimpas.pt\/\" target=\"_new\" rel=\"noopener\" data-start=\"3921\" data-end=\"3969\">https:\/\/www.cimpas.pt\/<\/a>\n<\/li>\n<li data-start=\"3973\" data-end=\"4137\">\n<strong data-start=\"3975\" data-end=\"4040\">Consumer Conflict Arbitration Association of Coimbra District<\/strong><br data-start=\"4040\" data-end=\"4043\" \/><a href=\"http:\/\/www.centrodearbitragemdecoimbra.com\/\" target=\"_new\" rel=\"noopener\" data-start=\"4045\" data-end=\"4135\">http:\/\/www.centrodearbitragemdecoimbra.com\/<\/a>\n<\/li>\n<li data-start=\"4139\" data-end=\"4274\">\n<strong data-start=\"4141\" data-end=\"4195\">Autonomous University of Lisbon Arbitration Centre<\/strong><br data-start=\"4195\" data-end=\"4198\" \/><a href=\"http:\/\/www.arbitragem.autonoma.pt\/\" target=\"_new\" rel=\"noopener\" data-start=\"4200\" data-end=\"4272\">http:\/\/www.arbitragem.autonoma.pt\/<\/a>\n<\/li>\n<li data-start=\"4276\" data-end=\"4425\">\n<strong data-start=\"4278\" data-end=\"4354\">Consumer Conflict Arbitration Centre of the Autonomous Region of Madeira<\/strong><br data-start=\"4354\" data-end=\"4357\" \/><a href=\"http:\/\/www.srrh.gov-madeira.pt\" target=\"_new\" rel=\"noopener\" data-start=\"4359\" data-end=\"4423\">http:\/\/www.srrh.gov-madeira.pt<\/a>\n<\/li>\n<\/ul>\n\t\t\t\t\t\tPortugu\u00eas\n\t\t\t\t\t\t\t\t\t\t\t<p>\u00a0<b>Resolu\u00e7\u00e3o Alternativa de Lit\u00edgios (RAL)<\/b><\/p>\n<p>O que \u00e9 a Resolu\u00e7\u00e3o alternativa de Lit\u00edgios?<\/p>\nA resolu\u00e7\u00e3o alternativa de lit\u00edgios \u00e9 a possibilidade que todos os consumidores t\u00eam ao seu dispor de recorrer e entidades oficiais que os ajudem na resolu\u00e7\u00e3o, ou orienta\u00e7\u00e3o de algum conflito, antes de abrirem processos litigiosos nos Tribunais.<br \/>\nRegra geral, o procedimento \u00e9 o seguinte: o cliente pede a um terceiro imparcial que intervenha como intermedi\u00e1rio entre si e o comerciante que \u00e9 o alvo da sua reclama\u00e7\u00e3o. O intermedi\u00e1rio pode sugerir uma solu\u00e7\u00e3o para a sua reclama\u00e7\u00e3o, impor uma solu\u00e7\u00e3o a ambas as partes ou reunir as partes para encontrar uma solu\u00e7\u00e3o.<br \/>\nTalvez conhe\u00e7a o conceito de resolu\u00e7\u00e3o alternativa de lit\u00edgios por outro nome: &#8216;media\u00e7\u00e3o&#8217;, &#8216;concilia\u00e7\u00e3o&#8217;, &#8216;arbitragem&#8217; ou &#8216;comiss\u00e3o competente no \u00e2mbito dos lit\u00edgios de consumo&#8217;.<br \/>\nA resolu\u00e7\u00e3o alternativa de lit\u00edgios \u00e9, por norma, menos dispendiosa, menos formal e mais r\u00e1pida do que a via judicial.\n<p>Em caso de lit\u00edgio de consumo, o consumidor pode recorrer \u00e0s seguintes entidades de resolu\u00e7\u00e3o alternativa de lit\u00edgios de consumo:<\/p>\nCNIACC &#8211; Centro Nacional de Informa\u00e7\u00e3o e Arbitragem de Conflitos de Consumo<br \/>\n<a href=\"https:\/\/www.arbitragemdeconsumo.org\/\">https:\/\/www.arbitragemdeconsumo.org\/<\/a>\n<p><a href=\"http:\/\/www.cniacc.pt\/\">http:\/\/www.cniacc.pt\/<\/a><\/p>\nCACCL &#8211; Centro de Arbitragem de Conflitos de Consumo de Lisboa<br \/>\n<a href=\"https:\/\/www.centroarbitragemlisboa.pt\/\">https:\/\/www.centroarbitragemlisboa.pt\/<\/a>\n<p>CACCVA &#8211; Centro de Arbitragem de Conflitos de Consumo do Vale do Ave\/Tribunal Arbitral<\/p>\n<p><a href=\"https:\/\/www.triave.pt\/\">https:\/\/www.triave.pt\/<\/a><\/p>\n<p>CICAP &#8211; Centro de de Informa\u00e7\u00e3o de Consumo e Arbitragem do Porto (Tribunal Arbitral de Consumo)<\/p>\n<p><a href=\"https:\/\/www.cicap.pt\/\">https:\/\/www.cicap.pt\/<\/a><\/p>\nCIMAAL &#8211; Centro de de Informa\u00e7\u00e3o, Media\u00e7\u00e3o e Arbitragem de Conflitos de Consumo de Algarve<br \/>\n<a href=\"http:\/\/www.consumoalgarve.pt\/\">http:\/\/www.consumoalgarve.pt<\/a>\nCIAB &#8211; Centro de Informa\u00e7\u00e3o, Media\u00e7\u00e3o e Arbitragem de Consumo (Tribunal Arbitral de Consumo)<br \/>\n<a href=\"https:\/\/www.ciab.pt\/pt\/\">https:\/\/www.ciab.pt\/pt\/<\/a>\nCIMPAS &#8211; Centro de Informa\u00e7\u00e3o, Media\u00e7\u00e3o e Provedoria de Seguros<br \/>\n<a href=\"https:\/\/www.cimpas.pt\/\">https:\/\/www.cimpas.pt\/<\/a>\nAssocia\u00e7\u00e3o de Arbitragem de Conflitos de Consumo do Distrito de Coimbra<br \/>\n<a href=\"http:\/\/www.centrodearbitragemdecoimbra.com\/\">http:\/\/www.centrodearbitragemdecoimbra.com\/<\/a>\nCentro de Arbitragem da Universidade Aut\u00f3noma de Lisboa<br \/>\n<a href=\"http:\/\/www.arbitragem.autonoma.pt\/\">http:\/\/www.arbitragem.autonoma.pt\/<\/a>\nCentro de Arbitragem de Conflitos de Consumo da Consumo da Regi\u00e3o Aut\u00f3noma da Madeira<br \/>\n<a href=\"http:\/\/www.srrh.gov-madeira.pt\/\">http:\/\/www.srrh.gov-madeira.pt<\/a>","protected":false},"excerpt":{"rendered":"<p>English Portuguese English Online Dispute Resolution (ODR) At Prestigeo, customer satisfaction is our priority. We understand that in an increasingly digital world, it is essential to offer not only high-quality products but also reliable and efficient customer support. That is why we are committed to Online Dispute Resolution (ODR), a modern and effective method for&hellip;<\/p>","protected":false},"author":1,"featured_media":0,"parent":0,"menu_order":0,"comment_status":"closed","ping_status":"closed","template":"","meta":{"_joinchat":[],"footnotes":""},"class_list":["post-222","page","type-page","status-publish","hentry"],"_links":{"self":[{"href":"https:\/\/prestigeo.pt\/pt\/wp-json\/wp\/v2\/pages\/222","targetHints":{"allow":["GET"]}}],"collection":[{"href":"https:\/\/prestigeo.pt\/pt\/wp-json\/wp\/v2\/pages"}],"about":[{"href":"https:\/\/prestigeo.pt\/pt\/wp-json\/wp\/v2\/types\/page"}],"author":[{"embeddable":true,"href":"https:\/\/prestigeo.pt\/pt\/wp-json\/wp\/v2\/users\/1"}],"replies":[{"embeddable":true,"href":"https:\/\/prestigeo.pt\/pt\/wp-json\/wp\/v2\/comments?post=222"}],"version-history":[{"count":4,"href":"https:\/\/prestigeo.pt\/pt\/wp-json\/wp\/v2\/pages\/222\/revisions"}],"predecessor-version":[{"id":742,"href":"https:\/\/prestigeo.pt\/pt\/wp-json\/wp\/v2\/pages\/222\/revisions\/742"}],"wp:attachment":[{"href":"https:\/\/prestigeo.pt\/pt\/wp-json\/wp\/v2\/media?parent=222"}],"curies":[{"name":"wp","href":"https:\/\/api.w.org\/{rel}","templated":true}]}}