{"id":204,"date":"2024-03-01T16:55:20","date_gmt":"2024-03-01T16:55:20","guid":{"rendered":"https:\/\/prestigeo.pt\/?page_id=204"},"modified":"2025-03-14T17:59:20","modified_gmt":"2025-03-14T17:59:20","slug":"online-complaints-book","status":"publish","type":"page","link":"https:\/\/prestigeo.pt\/pt\/online-complaints-book\/","title":{"rendered":"Livro de Reclama\u00e7\u00f5es Online"},"content":{"rendered":"<a href=\"#\" id=\"fl-tabs--label-0\" data-index=\"0\" aria-selected=\"true\" aria-controls=\"fl-tabs--panel-0\" aria-expanded=\"true\" role=\"tab\" tabindex=\"0\">\t\t\t\tIngl\u00eas\t\t\t\t<\/a>\n\t\t\t\t\t\t\t\t<a href=\"#\" id=\"fl-tabs--label-1\" data-index=\"1\" aria-selected=\"false\" aria-controls=\"fl-tabs--panel-1\" aria-expanded=\"false\" role=\"tab\" tabindex=\"0\">\t\t\t\tPortugu\u00eas\t\t\t\t<\/a>\n\t\t\t\t\t\tIngl\u00eas\n\t\t\t\t\t\t\t\t\t\t\t<h3 data-start=\"4432\" data-end=\"4464\"><strong data-start=\"4436\" data-end=\"4462\">Livro de Reclama\u00e7\u00f5es Online<\/strong><\/h3>\nIn accordance with current legislation, we provide links to the relevant official institutions:\n<a href=\"https:\/\/www.livroreclamacoes.pt\/inicio\" target=\"_blank\" rel=\"noopener\"><img loading=\"lazy\" decoding=\"async\" src=\"https:\/\/prestigeo.pt\/wp-content\/uploads\/2025\/03\/livro_reclamacoes-500x-207-b-400x166.png\" alt=\"\" width=\"200\" height=\"83\" \/><\/a>\nSometimes, things do not go as planned or as we would like them to&#8230;\nFor this reason, we kindly ask you to give us the opportunity to resolve your issue in the <strong data-start=\"4729\" data-end=\"4766\">simplest and fastest way possible<\/strong>. Please contact us through the communication channels available on the <a href=\"https:\/\/prestigeo.pt\/pt\/contacts\/\"><strong data-start=\"4838\" data-end=\"4857\">Contact Us page<\/strong><\/a>. You can also fill out the form on the same page, detailing your complaint, and within <strong data-start=\"4945\" data-end=\"4957\">48 hours<\/strong> we will get back to you with the best possible resolution.\n\t\t\t\t\t\tPortuguese\n\t\t\t\t\t\t\t\t\t\t\tDisponibilizamos de acordo com a lei em vigor, as liga\u00e7\u00f5es \u00e0s respectivas institui\u00e7\u00f5es oficiais:\n<a href=\"https:\/\/www.livroreclamacoes.pt\/inicio\" target=\"_blank\" rel=\"noopener\"><img loading=\"lazy\" decoding=\"async\" src=\"https:\/\/prestigeo.pt\/wp-content\/uploads\/2025\/03\/livro_reclamacoes-500x-207-b-400x166.png\" alt=\"\" width=\"200\" height=\"83\" \/><\/a>\nPor vezes as coisas n\u00e3o correm da melhor forma ou pelo menos n\u00e3o da forma como gostar\u00edamos&#8230;<br \/>\nComo tal, pedimos que nos d\u00ea uma oportunidade para resolvermos o seu problema da forma mais simples e r\u00e1pida poss\u00edvel. Por favor contacte-nos atrav\u00e9s dos canais de comunica\u00e7\u00e3o da <strong><a href=\"https:\/\/prestigeo.pt\/pt\/contacts\/\">p\u00e1gina de Contactos<\/a><\/strong>, poder\u00e1 tamb\u00e9m preencher o formul\u00e1rio da mesma p\u00e1gina expondo a sua reclama\u00e7\u00e3o que no prazo de 48 horas entraremos em contacto com a melhor resolu\u00e7\u00e3o poss\u00edvel.","protected":false},"excerpt":{"rendered":"<p>English Portuguese English Online Complaints Book In accordance with current legislation, we provide links to the relevant official institutions: Sometimes, things do not go as planned or as we would like them to&#8230; For this reason, we kindly ask you to give us the opportunity to resolve your issue in the simplest and fastest way&hellip;<\/p>","protected":false},"author":1,"featured_media":0,"parent":0,"menu_order":0,"comment_status":"closed","ping_status":"closed","template":"","meta":{"_joinchat":[],"footnotes":""},"class_list":["post-204","page","type-page","status-publish","hentry"],"_links":{"self":[{"href":"https:\/\/prestigeo.pt\/pt\/wp-json\/wp\/v2\/pages\/204","targetHints":{"allow":["GET"]}}],"collection":[{"href":"https:\/\/prestigeo.pt\/pt\/wp-json\/wp\/v2\/pages"}],"about":[{"href":"https:\/\/prestigeo.pt\/pt\/wp-json\/wp\/v2\/types\/page"}],"author":[{"embeddable":true,"href":"https:\/\/prestigeo.pt\/pt\/wp-json\/wp\/v2\/users\/1"}],"replies":[{"embeddable":true,"href":"https:\/\/prestigeo.pt\/pt\/wp-json\/wp\/v2\/comments?post=204"}],"version-history":[{"count":7,"href":"https:\/\/prestigeo.pt\/pt\/wp-json\/wp\/v2\/pages\/204\/revisions"}],"predecessor-version":[{"id":744,"href":"https:\/\/prestigeo.pt\/pt\/wp-json\/wp\/v2\/pages\/204\/revisions\/744"}],"wp:attachment":[{"href":"https:\/\/prestigeo.pt\/pt\/wp-json\/wp\/v2\/media?parent=204"}],"curies":[{"name":"wp","href":"https:\/\/api.w.org\/{rel}","templated":true}]}}